{"id":120,"date":"2023-02-22T19:11:12","date_gmt":"2023-02-22T19:11:12","guid":{"rendered":"http:\/\/antonic.x10.mx\/\/?page_id=120"},"modified":"2023-11-08T02:51:32","modified_gmt":"2023-11-08T02:51:32","slug":"pravila-privatnosti","status":"publish","type":"page","link":"https:\/\/antonic.tech\/en\/pravila-privatnosti\/","title":{"rendered":"Privacy policy"},"content":{"rendered":"<p>Antonic, as a responsible company, cares about your privacy and the protection of your personal data. To this end, we have created this Privacy Policy to inform you about the ways in which we collect and process personal data.<\/p>\n<h5><strong>Kori\u0161tenje stranice Antonic.tech<\/strong><\/h5>\n<p class=\" translation-block\">Antonic is the owner of the website <a href=\"http:\/\/antonic.tech\" target=\"_self\">antonic.tech<\/a>, and when you visit it, we automatically collect certain data and statistical information through our Internet servers or \"cookies\". Examples of information about your use of the website include: the most visited and viewed pages and links on our website, the time spent on the website, the most popular keywords that lead users to our website, your IP address, information collected through cookies, data about your device such as hardware settings, system activities, browser types, etc. The purpose of such processing is to organize our pages in a way that is most efficient and user-friendly for our visitors, and to customize them to your needs.<\/p>\n<p>For the purpose of data collection, Antonic uses:<\/p>\n<p>\u2013 Google Analytics<br \/>\n\u2013 Google AdWords Remarketing<br \/>\n\u2013 Facebook Pixel<\/p>\n<p>Our website may contain links to other websites that Antonic does not operate and is not responsible for. We suggest that you review the privacy policies of such websites to understand how your personal data is collected and processed on them.<\/p>\n<h5><strong>Security<\/strong><\/h5>\n<p>Antonic uses technical and organizational security measures to protect your data. Any personal data that you provide to us will be encrypted during transmission using algorithms to maximize the security of our website and to avoid misuse of data by third parties. Our security measures are continuously improved in accordance with technological development.<\/p>\n<h5><strong>Use of Cookies<\/strong><\/h5>\n<p>WHAT ARE COOKIES?<\/p>\n<p>A cookie is a small text file that a website stores on your computer or any other device, containing information about your navigation on that website. Cookies are necessary to facilitate browsing and customize it to the user, and do not damage your computer.<\/p>\n<p class=\" translation-block\">Although the term \"cookies\" is used in these rules as the main way of storing data used by this website, the \"local storage\" space of the browser is used for the same purposes as cookies. All the information in this section also applies to this \"local storage\".<\/p>\n<p>WHAT ARE COOKIES USED FOR ON THIS WEBSITE?<\/p>\n<p>Cookies are an essential part of how our website works. The main purpose of our cookies is to enhance your browsing experience. For example, they are used to remember your personal settings (such as your country) while browsing the website and for future visits. The information collected by cookies also allows us to improve the site by assessing the amount and patterns of use, tailoring the site to individual user needs, facilitating faster searches, and so on. Sometimes, if we have obtained your prior consent, we may use cookies, tags, and similar tools to obtain information that allows us to show you, on our own website or third-party websites, advertisements based on an analysis of your browsing habits.<\/p>\n<p>WHO USES THE INFORMATION STORED IN COOKIES?<\/p>\n<p>The information stored in cookies is used exclusively by Antonic<\/p>\n<h5><strong>Responding to your inquiries<\/strong><\/h5>\n<p>Antonic pays special attention to users of our products and services. Your loyalty is extremely important to us, and we encourage you to communicate with us.<\/p>\n<p class=\" translation-block\">You can contact us via email at <a href=\"mailto:info@antonic.tech\" target=\"_self\">info@antonic.tech<\/a>. If you contact us, we may process your personal data based on your inquiry, which represents your consent, or based on our legitimate interest, in order to:<\/p>\n<ul>\n<li>respond to your inquiry<\/li>\n<li>provide you with the information you request.<\/li>\n<\/ul>\n<p>For these purposes, we process your personal data that you provide to us, which includes your name, phone number, address, email, date of inquiry, and the nature of the inquiry. The period of storage of your personal data depends on the nature of your inquiry, which we process as long as there is a purpose for it.<\/p>\n<h5><strong>Business cooperation with Antonic\u00a0<\/strong><\/h5>\n<p>If you are our business partner or in any other contractual relationship with us, we process your personal data that is necessary for the purpose of concluding, implementing, and fulfilling our contractual obligations. Antonic collaborates with business entities in most cases, and only to a lesser extent processes personal data of individuals, which may include personal data such as name and surname, address, OIB (personal identification number in Croatia), and contact information. Providing your personal data in this case is a necessary condition for a contractual relationship. We store the data for the duration of our cooperation and after its expiration for the period required by our legal obligations.<\/p>\n<h5><strong>How and with whom we share your personal data<\/strong><\/h5>\n<p>We may share your personal data with governmental bodies upon their request and with third parties who provide us with personal data processing services as data processors. These service providers are contractually obligated to use the data entrusted to them strictly in accordance with our guidelines and solely for the purpose agreed upon.<\/p>\n<h5><strong>Your rights<\/strong><\/h5>\n<p>You may, at any time:<\/p>\n<ul>\n<li>request access to your personal data and request updates to your personal data;<\/li>\n<li>request that we provide you with additional information on how we use your data;<\/li>\n<li>receive your personal data, which you have provided to us, in a structured, commonly used, and machine-readable format, and, where technically feasible, transmit that data to another data controller without hindrance if the processing of your data is based on your consent and is carried out by automated means;<\/li>\n<li>request the deletion of user personal data. As users can only request the deletion of their own personal data, we may ask you to verify your identity before processing the request for the protection of the user;<\/li>\n<li>in cases where processing is based on consent, withdraw your consent with future effect to cease such specific processing. Withdrawal of consent will not affect the lawfulness of processing based on consent before its withdrawal;<\/li>\n<li>request the restriction of the processing of your personal data;<\/li>\n<li>object to any processing based on our legitimate interests, unless the reasons for such processing outweigh the rights to protect personal data.<\/li>\n<\/ul>\n<h5><strong>Confidentiality and Data Access<\/strong><\/h5>\n<p class=\" translation-block\">By this statement, Antonic commits to comply with Regulation (EU) 2016\/679 on the protection of individuals  with regard to the processing of personal data (Regulation) and to maintain the confidentiality of all personal data to which it has the right and authority to access, and that we will use such personal data exclusively for the specified and prescribed purpose.<\/p>\n<h5><strong>Confidentiality of Data<\/strong><\/h5>\n<p>We want to make it clear that when visiting this website, your personal data remains confidential unless you voluntarily choose to disclose it. We commit to not disclosing, selling or transferring any data we receive to third parties, except in cases prescribed by the Regulation.<\/p>\n<h5><strong>Changes to Our Privacy Policy<\/strong><\/h5>\n<p>In the event of changes to our privacy policy, we will notify you on this page and update the date of the privacy policy amendment below as follows.<\/p>\n<p>These privacy policy were last updated on February 22, 2023.<\/p>","protected":false},"excerpt":{"rendered":"<p>Antonic kao odgovorno dru\u0161tvo brine o Va\u0161oj privatnosti i za\u0161titi Va\u0161ih osobnih podataka. U tu svrhu donijeli smo ova Pravila privatnosti kako bismo Vas informirali o na\u010dinima sakupljanja i obrade osobnih podataka. Kori\u0161tenje stranice Antonic.tech Antonic je vlasnik stranice antonic.tech\u00a0te prilikom posjeta istoj automatski prikupljamo odre\u0111ene podatke i statisti\u010dke informacije putem na\u0161ih Internet servera ili [&hellip;]<\/p>\n","protected":false},"author":1,"featured_media":0,"parent":0,"menu_order":0,"comment_status":"closed","ping_status":"closed","template":"","meta":{"footnotes":""},"class_list":["post-120","page","type-page","status-publish","hentry"],"_links":{"self":[{"href":"https:\/\/antonic.tech\/en\/wp-json\/wp\/v2\/pages\/120","targetHints":{"allow":["GET"]}}],"collection":[{"href":"https:\/\/antonic.tech\/en\/wp-json\/wp\/v2\/pages"}],"about":[{"href":"https:\/\/antonic.tech\/en\/wp-json\/wp\/v2\/types\/page"}],"author":[{"embeddable":true,"href":"https:\/\/antonic.tech\/en\/wp-json\/wp\/v2\/users\/1"}],"replies":[{"embeddable":true,"href":"https:\/\/antonic.tech\/en\/wp-json\/wp\/v2\/comments?post=120"}],"version-history":[{"count":4,"href":"https:\/\/antonic.tech\/en\/wp-json\/wp\/v2\/pages\/120\/revisions"}],"predecessor-version":[{"id":205,"href":"https:\/\/antonic.tech\/en\/wp-json\/wp\/v2\/pages\/120\/revisions\/205"}],"wp:attachment":[{"href":"https:\/\/antonic.tech\/en\/wp-json\/wp\/v2\/media?parent=120"}],"curies":[{"name":"wp","href":"https:\/\/api.w.org\/{rel}","templated":true}]}}