{"id":97,"date":"2023-02-08T01:24:43","date_gmt":"2023-02-08T01:24:43","guid":{"rendered":"http:\/\/antonic.x10.mx\/\/?page_id=97"},"modified":"2023-11-08T03:43:11","modified_gmt":"2023-11-08T03:43:11","slug":"home","status":"publish","type":"page","link":"https:\/\/antonic.tech\/en\/","title":{"rendered":"Antonic"},"content":{"rendered":"<h5>web development and marketing<\/h5>\n<h5>usluge web-programiranja i marketinga<\/h5>\n<h5 class=\"event-summary__title headline headline--tiny\">Website development<\/h5>\n<p>Stvorite zadivljuju\u0107u online prezentaciju s na\u0161im uslugama razvoja web stranica ili portala. Radit \u0107emo s vama kako bi va\u0161u viziju o\u017eivjeli, isporu\u010duju\u0107i prilago\u0111enu web stranicu jednostavnu za kori\u0161tenje, koja zadovoljava va\u0161e poslovne potrebe i prema\u0161uje va\u0161a o\u010dekivanja.<\/p>\n<h5 class=\"event-summary__title headline headline--tiny\">E-commerce website development<\/h5>\n<p>Pokrenite svoju internetsku trgovinu s lako\u0107om koriste\u0107i na\u0161e usluge razvoja web stranica za e-trgovinu. Na\u0161 tim \u0107e dizajnirati i razviti web trgovinu koja je prilago\u0111ena va\u0161em brendu, opremljena sigurnim opcijama pla\u0107anja i optimizirana za besprijekorno korisni\u010dko iskustvo.<\/p>\n<h5 class=\"event-summary__title headline headline--tiny\">Website maintenance<\/h5>\n<p>Pobrinite se da va\u0161a web stranica radi glatko i u\u010dinkovito uz na\u0161e usluge odr\u017eavanja. Redovito \u0107emo pratiti i a\u017eurirati va\u0161u web stranicu ili web shop kako bismo rije\u0161ili sve tehni\u010dke probleme, pobolj\u0161ali performanse i odr\u017eavali va\u0161 sadr\u017eaj svje\u017eim i relevantnim.<\/p>\n<h5 class=\"event-summary__title headline headline--tiny\">SEO optimization<\/h5>\n<p>Pobolj\u0161ajte poziciju svoje web stranice i privucite vi\u0161e prometa s na\u0161im uslugama SEO optimizacije. Analizirat \u0107emo va\u0161u web stranicu, identificirati podru\u010dja za pobolj\u0161anje, implementirati provjerene strategije za pobolj\u0161anje va\u0161eg rangiranja u tra\u017eilicama te privu\u0107i kvalificirane potencijalne klijente na va\u0161u stranicu.<\/p>\n<h5 class=\"event-summary__title headline headline--tiny\">Digital marketing<\/h5>\n<p>Razvijte svoje poslovanje i dosegnite novu publiku s na\u0161im uslugama digitalnog marketinga. Razvit \u0107emo i izvr\u0161iti prilago\u0111eni marketin\u0161ki plan, koriste\u0107i kombinaciju taktika kao \u0161to su ogla\u0161avanje na dru\u0161tvenim mre\u017eama, marketing e-po\u0161tom i vi\u0161e kako bismo pove\u0107ali va\u0161u online vidljivost i potaknuli vi\u0161e potencijalnih kupaca i prodaje.<\/p>\n<h5 class=\"event-summary__title headline headline--tiny\">WordPress prilago\u0111ene teme i pluginovi<\/h5>\n<p>WordPress prilago\u0111ena tema je jedinstven i personaliziran dizajn za WordPress web stranicu ili trgovinu. Korisnicima omogu\u0107uje promjenu izgleda i dojma web stranice bez utjecaja na temeljnu funkcionalnost.<\/p>\n<h5 class=\"event-summary__title headline headline--tiny\">Technical issue resolution<\/h5>\n<p>Do you want to find a solution to your web problems, but you are not our client? No problem, contact us and we will check the best solution for you.<\/p>\n<h5 class=\"event-summary__title headline headline--tiny\">Prilago\u0111eni widgeti za WordPress ure\u0111iva\u010de<\/h5>\n<p>Prilago\u0111eni widget za WordPress ure\u0111iva\u010d je alat koji korisnicima omogu\u0107uje dodavanje i prikaz jedinstvenog prilago\u0111enog sadr\u017eaja u ure\u0111iva\u010du. To mo\u017ee varirati od interaktivnih obrazaca i multimedijskih prikaza do prilago\u0111enog izgleda i opcija stila. Ova vrsta widgeta korisnicima omogu\u0107uje jednostavan na\u010din da pobolj\u0161aju izgled i funkcionalnost svoje web stranice<\/p>","protected":false},"excerpt":{"rendered":"<p>web development and marketing usluge web-programiranja i marketinga Izrada web-stranica Stvorite zadivljuju\u0107u online prezentaciju s na\u0161im uslugama razvoja web stranica ili portala. Radit \u0107emo s vama kako bi va\u0161u viziju o\u017eivjeli, isporu\u010duju\u0107i prilago\u0111enu web stranicu jednostavnu za kori\u0161tenje, koja zadovoljava va\u0161e poslovne potrebe i prema\u0161uje va\u0161a o\u010dekivanja. Izrada web-shopova Pokrenite svoju internetsku trgovinu s lako\u0107om [&hellip;]<\/p>\n","protected":false},"author":1,"featured_media":0,"parent":0,"menu_order":0,"comment_status":"closed","ping_status":"closed","template":"","meta":{"footnotes":""},"class_list":["post-97","page","type-page","status-publish","hentry"],"_links":{"self":[{"href":"https:\/\/antonic.tech\/en\/wp-json\/wp\/v2\/pages\/97","targetHints":{"allow":["GET"]}}],"collection":[{"href":"https:\/\/antonic.tech\/en\/wp-json\/wp\/v2\/pages"}],"about":[{"href":"https:\/\/antonic.tech\/en\/wp-json\/wp\/v2\/types\/page"}],"author":[{"embeddable":true,"href":"https:\/\/antonic.tech\/en\/wp-json\/wp\/v2\/users\/1"}],"replies":[{"embeddable":true,"href":"https:\/\/antonic.tech\/en\/wp-json\/wp\/v2\/comments?post=97"}],"version-history":[{"count":6,"href":"https:\/\/antonic.tech\/en\/wp-json\/wp\/v2\/pages\/97\/revisions"}],"predecessor-version":[{"id":207,"href":"https:\/\/antonic.tech\/en\/wp-json\/wp\/v2\/pages\/97\/revisions\/207"}],"wp:attachment":[{"href":"https:\/\/antonic.tech\/en\/wp-json\/wp\/v2\/media?parent=97"}],"curies":[{"name":"wp","href":"https:\/\/api.w.org\/{rel}","templated":true}]}}